{"id":1916,"date":"2020-02-20T07:21:53","date_gmt":"2020-02-20T06:21:53","guid":{"rendered":"https:\/\/ariiva.viingo.com\/datenschutzerklaerung\/"},"modified":"2022-11-07T10:10:09","modified_gmt":"2022-11-07T09:10:09","slug":"privacy","status":"publish","type":"page","link":"https:\/\/www.viingo.com\/de\/privacy\/","title":{"rendered":"Datenschutz"},"content":{"rendered":"\n<div class=\"container section-title-container\" ><h3 class=\"section-title section-title-normal\"><b><\/b><span class=\"section-title-main\" >Datenschutzerkl\u00e4rung<\/span><b><\/b><\/h3><\/div>\n\n\n\n<h2 class=\"wp-block-heading\"><strong>Welche personenbezogenen Daten wir sammeln und warum wir sie sammeln<\/strong><\/h2>\n\n\n\n<h3 class=\"wp-block-heading\"><strong>Datenschutz<\/strong><\/h3>\n\n\n\n<p>Die Betreiber dieser Seiten nehmen den Schutz Ihrer pers\u00f6nlichen Daten sehr ernst. Wir behandeln Ihre personenbezogenen Daten vertraulich und entsprechend der gesetzlichen Datenschutzvorschriften sowie dieser Datenschutzerkl\u00e4rung.<\/p>\n\n\n\n<p>Die Nutzung unserer Webseite ist in der Regel ohne Angabe personenbezogener Daten m\u00f6glich. Soweit auf unseren Seiten personenbezogene Daten (beispielsweise Name, Anschrift oder E-Mail-Adressen) erhoben werden, erfolgt dies, soweit m\u00f6glich, stets auf freiwilliger Basis. Diese Daten werden ohne Ihre ausdr\u00fcckliche Zustimmung nicht an Dritte weitergegeben.<\/p>\n\n\n\n<p>Wir weisen darauf hin, dass die Daten\u00fcbertragung im Internet (z.B. bei der Kommunikation per E-Mail) Sicherheitsl\u00fccken aufweisen kann. Ein l\u00fcckenloser Schutz der Daten vor dem Zugriff durch Dritte ist nicht m\u00f6glich.<\/p>\n\n\n\n<h3 class=\"wp-block-heading\"><strong>Cookies<\/strong><\/h3>\n\n\n\n<p>Die Internetseiten verwenden teilweise so genannte Cookies. Cookies richten auf Ihrem Rechner keinen Schaden an und enthalten keine Viren. Cookies dienen dazu, unser Angebot nutzerfreundlicher, effektiver und sicherer zu machen. Cookies sind kleine Textdateien, die auf Ihrem Rechner abgelegt werden und die Ihr Browser speichert.<\/p>\n\n\n\n<p>Die meisten der von uns verwendeten Cookies sind so genannte \u201eSession-Cookies\u201c. Sie werden nach Ende Ihres Besuchs automatisch gel\u00f6scht. Andere Cookies bleiben auf Ihrem Endger\u00e4t gespeichert, bis Sie diese l\u00f6schen. Diese Cookies erm\u00f6glichen es uns, Ihren Browser beim n\u00e4chsten Besuch wiederzuerkennen.<\/p>\n\n\n\n<p>Sie k\u00f6nnen Ihren Browser so einstellen, dass Sie \u00fcber das Setzen von Cookies informiert werden und Cookies nur im Einzelfall erlauben, die Annahme von Cookies f\u00fcr bestimmte F\u00e4lle oder generell ausschlie\u00dfen sowie das automatische L\u00f6schen der Cookies beim Schlie\u00dfen des Browser aktivieren. Bei der Deaktivierung von Cookies kann die Funktionalit\u00e4t dieser Website eingeschr\u00e4nkt sein.<\/p>\n\n\n\n<h3 class=\"wp-block-heading\"><strong>Kontaktformular<\/strong><\/h3>\n\n\n\n<p>Wenn Sie uns per Kontaktformular Anfragen zukommen lassen, werden Ihre Angaben aus dem Anfrageformular inklusive der von Ihnen dort angegebenen Kontaktdaten zwecks Bearbeitung der Anfrage und f\u00fcr den Fall von Anschlussfragen bei uns gespeichert. Diese Daten geben wir nicht ohne Ihre Einwilligung weiter.<\/p>\n\n\n\n<h3 class=\"wp-block-heading\"><strong>Analysedienste<\/strong><\/h3>\n\n\n\n<p>Diese Website nutzt Funktionen des Webanalysedienstes Google Analytics. Anbieter ist die Google Inc., 1600 Amphitheatre Parkway Mountain View, CA 94043, USA.<\/p>\n\n\n\n<p>Google Analytics verwendet so genannte \u201eCookies\u201c. Das sind Textdateien, die auf Ihrem Computer gespeichert werden und die eine Analyse der Benutzung der Website durch Sie erm\u00f6glichen. Die durch den Cookie erzeugten Informationen \u00fcber Ihre Benutzung dieser Website werden in der Regel an einen Server von Google in den USA \u00fcbertragen und dort gespeichert.<\/p>\n\n\n\n<p>Mehr Informationen zum Umgang mit Nutzerdaten bei Google Analytics finden Sie in der Datenschutzerkl\u00e4rung von Google (<a href=\"https:\/\/support.google.com\/analytics\/answer\/6004245?hl=de\">LINK<\/a>)<\/p>\n\n\n\n<p><strong>Browser Plugin<\/strong><br>Sie k\u00f6nnen die Speicherung der Cookies durch eine entsprechende Einstellung Ihrer Browser-Software verhindern; wir weisen Sie jedoch darauf hin, dass Sie in diesem Fall gegebenenfalls nicht s\u00e4mtliche Funktionen dieser Website vollumf\u00e4nglich werden nutzen k\u00f6nnen. Sie k\u00f6nnen dar\u00fcber hinaus die Erfassung der durch den Cookie erzeugten und auf Ihre Nutzung der Website bezogenen Daten (inkl. Ihrer IP-Adresse) an Google sowie die Verarbeitung dieser Daten durch Google verhindern, indem Sie das unter dem folgenden Link verf\u00fcgbare Browser-Plugin herunterladen und installieren: https:\/\/tools.google.com\/dlpage\/gaoptout?hl=de<\/p>\n\n\n\n<p><strong>Widerspruch gegen Datenerfassung<\/strong><br>Sie k\u00f6nnen die Erfassung Ihrer Daten durch Google Analytics verhindern, indem Sie auf folgenden Link klicken. Es wird ein Opt-Out-Cookie gesetzt, der die Erfassung Ihrer Daten bei zuk\u00fcnftigen Besuchen dieser Website verhindert: <a href=\"https:\/\/tools.google.com\/dlpage\/gaoptout?hl=de\" target=\"_blank\" rel=\"noreferrer noopener\">Google Analytics deaktivieren<\/a><\/p>\n\n\n\n<h3 class=\"wp-block-heading\"><strong>Wie lange wir Ihre Daten speichern<\/strong><\/h3>\n\n\n\n<p>F\u00fcr Benutzer, die sich auf unserer Website registrieren, speichern wir zus\u00e4tzlich die pers\u00f6nlichen Informationen, die sie in ihren Benutzerprofilen angeben. Alle Benutzer k\u00f6nnen jederzeit ihre pers\u00f6nlichen Informationen einsehen, ver\u00e4ndern oder l\u00f6schen (der Benutzername kann nicht ver\u00e4ndert werden). Administratoren der Website k\u00f6nnen diese Informationen ebenfalls einsehen und ver\u00e4ndern.<\/p>\n\n\n\n<h3 class=\"wp-block-heading\"><strong>Welche Rechte Sie an Ihren Daten haben<\/strong><\/h3>\n\n\n\n<p>Wenn Sie ein Konto auf dieser Website besitzen oder Kommentare geschrieben hast, k\u00f6nnen Sie einen Export Ihrer personenbezogenen Daten bei uns anfordern, inklusive aller Daten, die Sie uns mitgeteilt haben. Dar\u00fcber hinaus k\u00f6nnen Sie die L\u00f6schung aller personenbezogenen Daten, die wir von Ihnen gespeichert haben, anfordern. Dies umfasst nicht die Daten, die wir aufgrund administrativer, rechtlicher oder sicherheitsrelevanter Notwendigkeiten aufbewahren m\u00fcssen.<\/p>\n\n\n\n<hr class=\"wp-block-separator has-css-opacity\"\/>\n\n\n\n<p> <\/p>\n\n\n\n<div class=\"container section-title-container\" ><h3 class=\"section-title section-title-normal\"><b><\/b><span class=\"section-title-main\" >Verwendung der Mobile App ARiiVA Go<\/span><b><\/b><\/h3><\/div>\n\n\n\n<p><strong>Installation der ARiiVA Go App<\/strong><br>Die ARiiVA Go App ist \u00fcber von Dritten betriebene Vertriebsplattformen erh\u00e4ltlich, sogenannte App-Stores (Google Play und Apple App Store). Ihr Download setzt gegebenenfalls eine vorherige Registrierung beim jeweiligen App-Store und die Installation der App-Store-Software voraus. Die VIINGO GmbH hat keinen Einfluss auf die Erhebung, Verarbeitung und Nutzung von personenbezogenen Daten im Zusammenhang mit Ihrer Registrierung und der Bereitstellung von Downloads in dem jeweiligen App-Store und der App-Store-Software. Verantwortliche Stelle ist insoweit allein der Betreiber des jeweiligen App-Stores. Bitte informieren Sie sich bei Bedarf direkt bei dem jeweiligen App-Store-Anbieter.<br><\/p>\n\n\n\n<p><strong>Erforderliche Berechtigungen<\/strong><br>Damit die App ordnungsgem\u00e4\u00df funktionieren kann, ist es notwendig, dass Sie den Zugriff auf bestimmte Smartphone-Funktionen und personenbezogene Daten gew\u00e4hren, die auf dem Ger\u00e4t gespeichert werden. So werden Sie einmalig zu Beginn oder auch erst bei Nutzung der jeweiligen Funktion aufgefordert, die entsprechende Zugriffsberechtigung zu erteilen.<\/p>\n\n\n\n<p><strong>Netzwerkzugriff &amp; Netzwerkverbindungen<\/strong><br>Der Netzwerk-Zugriff ist erforderlich, da die VIINGO-App nur im Online-Modus nutzbar ist.<\/p>\n\n\n\n<p><strong>Kamera<\/strong><br>Dataspots scannen, Fotos f\u00fcr Tickets erstellen, oder Videocall-\u00dcbertragungen bentigen Zugriff auf Ihre systemseitige Kamera.<\/p>\n\n\n\n<p><strong>Mikrofon<\/strong><br>Videocall-\u00dcbertragungen ben\u00f6tigen Zugriff auf Ihr systemseitiges Mikrofon.<\/p>\n\n\n\n<p><strong>Ger\u00e4testatus<\/strong><br>F\u00fcr unsere Sicherheits\u00fcberpr\u00fcfung ben\u00f6tigen wir Zugriff auf den Ger\u00e4testatus.<\/p>\n\n\n\n<p><strong>Lokale Speicherverwendung<\/strong><br>F\u00fcr das zwischenspeichern der Anmeldeoptionen sowie Benutzerinformationen wird auf Ihrem Ger\u00e4t ein minimaler Speicherplatz belegt.<\/p>\n\n\n\n<p><strong>Firebase Cloud Messaging <\/strong><br>Firebase Cloud Messaging dient dazu, Push-Nachrichten oder sogenannte In-App-Messages, also solche Nachrichten, die nur innerhalb der App angezeigt werden,  \u00fcbermitteln  zu  k\u00f6nnen.  Dabei  wird  dem  mobilen  Endger\u00e4t  eine pseudonymisierte Push-Reference zugeteilt, die den Push-Nachrichten bzw. In-App-Messages als Ziel dient.<\/p>\n\n\n\n<h3 class=\"wp-block-heading\"><strong>\u00c4nderung oder Anpassung der Datenschutzerkl\u00e4rung<\/strong><\/h3>\n\n\n\n<p>Die Datenschutzerkl\u00e4rung ist aktuell g\u00fcltig und datiert mit 10.03.2020. Durch die Weiterentwicklung unserer App oder die Implementierung neuer Technologien kann es notwendig werden, diese Datenschutzerkl\u00e4rung zu \u00e4ndern.<\/p>\n\n\n\n<h3 class=\"wp-block-heading\"><strong>Verantwortliche Stelle<\/strong><\/h3>\n\n\n\n<p>Verantwortliche Stelle f\u00fcr die Erhebung, Verarbeitung und Nutzung von personenbezogenen Daten im Zusammenhang mit der Website und er Mobilen App ARiiVA Go ist:<\/p>\n\n\n\n<p><strong>VIINGO GmbH<\/strong>&nbsp;<br>Lorcherstra\u00dfe 2a, 4470 Enns<br>office@viingo.com<\/p>\n\n\n<p><!--EndFragment--><\/p>\n\n\n<a style=\"display:none\" href=\"uniwebview:\/\/monitoring-back?key=1\">BACK<\/a>\n","protected":false},"excerpt":{"rendered":"<p>Welche personenbezogenen Daten wir sammeln und warum wir sie sammeln Datenschutz Die Betreiber dieser Seiten nehmen den Schutz Ihrer pers\u00f6nlichen Daten sehr ernst. Wir behandeln Ihre personenbezogenen Daten vertraulich und entsprechend der gesetzlichen Datenschutzvorschriften sowie dieser Datenschutzerkl\u00e4rung. Die Nutzung unserer Webseite ist in der Regel ohne Angabe personenbezogener Daten m\u00f6glich. Soweit auf unseren Seiten personenbezogene [&#8230;]\n","protected":false},"author":1,"featured_media":0,"parent":0,"menu_order":0,"comment_status":"closed","ping_status":"closed","template":"","meta":{"footnotes":""},"class_list":["post-1916","page","type-page","status-publish","hentry"],"yoast_head":"<!-- This site is optimized with the Yoast SEO plugin v27.0 - https:\/\/yoast.com\/product\/yoast-seo-wordpress\/ -->\n<title>VIINGO - Datenschutz<\/title>\n<meta name=\"robots\" content=\"noindex, follow, max-snippet:-1, max-image-preview:large, max-video-preview:-1\" \/>\n<meta property=\"og:locale\" content=\"de_DE\" \/>\n<meta property=\"og:type\" content=\"article\" \/>\n<meta property=\"og:title\" content=\"VIINGO - Datenschutz\" \/>\n<meta property=\"og:description\" content=\"Welche personenbezogenen Daten wir sammeln und warum wir sie sammeln Datenschutz Die Betreiber dieser Seiten nehmen den Schutz Ihrer pers\u00f6nlichen Daten sehr ernst. Wir behandeln Ihre personenbezogenen Daten vertraulich und entsprechend der gesetzlichen Datenschutzvorschriften sowie dieser Datenschutzerkl\u00e4rung. Die Nutzung unserer Webseite ist in der Regel ohne Angabe personenbezogener Daten m\u00f6glich. Soweit auf unseren Seiten personenbezogene [...]\" \/>\n<meta property=\"og:url\" content=\"https:\/\/www.viingo.com\/de\/privacy\/\" \/>\n<meta property=\"og:site_name\" content=\"VIINGO\" \/>\n<meta property=\"article:modified_time\" content=\"2022-11-07T09:10:09+00:00\" \/>\n<meta name=\"twitter:card\" content=\"summary_large_image\" \/>\n<meta name=\"twitter:label1\" content=\"Gesch\u00e4tzte Lesezeit\" \/>\n\t<meta name=\"twitter:data1\" content=\"6 Minuten\" \/>\n<script type=\"application\/ld+json\" class=\"yoast-schema-graph\">{\"@context\":\"https:\/\/schema.org\",\"@graph\":[{\"@type\":\"WebPage\",\"@id\":\"https:\/\/www.viingo.com\/en\/privacy\/\",\"url\":\"https:\/\/www.viingo.com\/en\/privacy\/\",\"name\":\"VIINGO - Datenschutz\",\"isPartOf\":{\"@id\":\"https:\/\/www.viingo.com\/de\/#website\"},\"datePublished\":\"2020-02-20T06:21:53+00:00\",\"dateModified\":\"2022-11-07T09:10:09+00:00\",\"breadcrumb\":{\"@id\":\"https:\/\/www.viingo.com\/en\/privacy\/#breadcrumb\"},\"inLanguage\":\"de-AT\",\"potentialAction\":[{\"@type\":\"ReadAction\",\"target\":[\"https:\/\/www.viingo.com\/en\/privacy\/\"]}]},{\"@type\":\"BreadcrumbList\",\"@id\":\"https:\/\/www.viingo.com\/en\/privacy\/#breadcrumb\",\"itemListElement\":[{\"@type\":\"ListItem\",\"position\":1,\"name\":\"Startseite\",\"item\":\"https:\/\/www.viingo.com\/de\/\"},{\"@type\":\"ListItem\",\"position\":2,\"name\":\"Datenschutz\"}]},{\"@type\":\"WebSite\",\"@id\":\"https:\/\/www.viingo.com\/de\/#website\",\"url\":\"https:\/\/www.viingo.com\/de\/\",\"name\":\"VIINGO\",\"description\":\"WE MAKE VISION VISIBLE\",\"potentialAction\":[{\"@type\":\"SearchAction\",\"target\":{\"@type\":\"EntryPoint\",\"urlTemplate\":\"https:\/\/www.viingo.com\/de\/?s={search_term_string}\"},\"query-input\":{\"@type\":\"PropertyValueSpecification\",\"valueRequired\":true,\"valueName\":\"search_term_string\"}}],\"inLanguage\":\"de-AT\"}]}<\/script>\n<!-- \/ Yoast SEO plugin. -->","yoast_head_json":{"title":"VIINGO - Datenschutz","robots":{"index":"noindex","follow":"follow","max-snippet":"max-snippet:-1","max-image-preview":"max-image-preview:large","max-video-preview":"max-video-preview:-1"},"og_locale":"de_DE","og_type":"article","og_title":"VIINGO - Datenschutz","og_description":"Welche personenbezogenen Daten wir sammeln und warum wir sie sammeln Datenschutz Die Betreiber dieser Seiten nehmen den Schutz Ihrer pers\u00f6nlichen Daten sehr ernst. Wir behandeln Ihre personenbezogenen Daten vertraulich und entsprechend der gesetzlichen Datenschutzvorschriften sowie dieser Datenschutzerkl\u00e4rung. Die Nutzung unserer Webseite ist in der Regel ohne Angabe personenbezogener Daten m\u00f6glich. Soweit auf unseren Seiten personenbezogene [...]","og_url":"https:\/\/www.viingo.com\/de\/privacy\/","og_site_name":"VIINGO","article_modified_time":"2022-11-07T09:10:09+00:00","twitter_card":"summary_large_image","twitter_misc":{"Gesch\u00e4tzte Lesezeit":"6 Minuten"},"schema":{"@context":"https:\/\/schema.org","@graph":[{"@type":"WebPage","@id":"https:\/\/www.viingo.com\/en\/privacy\/","url":"https:\/\/www.viingo.com\/en\/privacy\/","name":"VIINGO - Datenschutz","isPartOf":{"@id":"https:\/\/www.viingo.com\/de\/#website"},"datePublished":"2020-02-20T06:21:53+00:00","dateModified":"2022-11-07T09:10:09+00:00","breadcrumb":{"@id":"https:\/\/www.viingo.com\/en\/privacy\/#breadcrumb"},"inLanguage":"de-AT","potentialAction":[{"@type":"ReadAction","target":["https:\/\/www.viingo.com\/en\/privacy\/"]}]},{"@type":"BreadcrumbList","@id":"https:\/\/www.viingo.com\/en\/privacy\/#breadcrumb","itemListElement":[{"@type":"ListItem","position":1,"name":"Startseite","item":"https:\/\/www.viingo.com\/de\/"},{"@type":"ListItem","position":2,"name":"Datenschutz"}]},{"@type":"WebSite","@id":"https:\/\/www.viingo.com\/de\/#website","url":"https:\/\/www.viingo.com\/de\/","name":"VIINGO","description":"WE MAKE VISION VISIBLE","potentialAction":[{"@type":"SearchAction","target":{"@type":"EntryPoint","urlTemplate":"https:\/\/www.viingo.com\/de\/?s={search_term_string}"},"query-input":{"@type":"PropertyValueSpecification","valueRequired":true,"valueName":"search_term_string"}}],"inLanguage":"de-AT"}]}},"_links":{"self":[{"href":"https:\/\/www.viingo.com\/de\/wp-json\/wp\/v2\/pages\/1916","targetHints":{"allow":["GET"]}}],"collection":[{"href":"https:\/\/www.viingo.com\/de\/wp-json\/wp\/v2\/pages"}],"about":[{"href":"https:\/\/www.viingo.com\/de\/wp-json\/wp\/v2\/types\/page"}],"author":[{"embeddable":true,"href":"https:\/\/www.viingo.com\/de\/wp-json\/wp\/v2\/users\/1"}],"replies":[{"embeddable":true,"href":"https:\/\/www.viingo.com\/de\/wp-json\/wp\/v2\/comments?post=1916"}],"version-history":[{"count":26,"href":"https:\/\/www.viingo.com\/de\/wp-json\/wp\/v2\/pages\/1916\/revisions"}],"predecessor-version":[{"id":4506,"href":"https:\/\/www.viingo.com\/de\/wp-json\/wp\/v2\/pages\/1916\/revisions\/4506"}],"wp:attachment":[{"href":"https:\/\/www.viingo.com\/de\/wp-json\/wp\/v2\/media?parent=1916"}],"curies":[{"name":"wp","href":"https:\/\/api.w.org\/{rel}","templated":true}]}}