{"id":3897,"date":"2020-07-20T10:55:56","date_gmt":"2020-07-20T08:55:56","guid":{"rendered":"https:\/\/new.viingo.com\/?page_id=3897"},"modified":"2023-04-18T15:21:03","modified_gmt":"2023-04-18T13:21:03","slug":"callback","status":"publish","type":"page","link":"https:\/\/www.viingo.com\/de\/callback\/","title":{"rendered":"R\u00fcckruf anfordern"},"content":{"rendered":"\n\n  <div class=\"banner has-hover has-parallax\" id=\"banner-1575798904\">\n          <div class=\"banner-inner fill\">\n        <div class=\"banner-bg fill\" data-parallax=\"-4\" data-parallax-container=\".banner\" data-parallax-background>\n            <img loading=\"lazy\" decoding=\"async\" width=\"2560\" height=\"1920\" src=\"https:\/\/www.viingo.com\/wp-content\/uploads\/2020\/01\/20200109_151401-scaled.jpg\" class=\"bg attachment-original size-original\" alt=\"\" \/>                        <div class=\"overlay\"><\/div>            \n                    <\/div>\n\t\t\n        <div class=\"banner-layers container\">\n            <div class=\"fill banner-link\"><\/div>            \n\n   <div id=\"text-box-1345238622\" class=\"text-box banner-layer x50 md-x50 lg-x50 y50 md-y50 lg-y50 res-text\">\n                     <div data-animate=\"blurIn\">           <div class=\"text-box-content text dark\">\n              \n              <div class=\"text-inner text-center\">\n                  \n\n<h6><span style=\"background-color: #50b848;\">CONTACT<\/span><\/h6>\n<h2>CALL BACK<\/h2>\n\n              <\/div>\n           <\/div>\n       <\/div>                     \n<style>\n#text-box-1345238622 {\n  width: 80%;\n}\n#text-box-1345238622 .text-box-content {\n  font-size: 105%;\n}\n@media (min-width:550px) {\n  #text-box-1345238622 {\n    width: 70%;\n  }\n}\n<\/style>\n    <\/div>\n \n\n        <\/div>\n      <\/div>\n\n            \n<style>\n#banner-1575798904 {\n  padding-top: 380px;\n  background-color: rgb(0,0,0);\n}\n#banner-1575798904 .overlay {\n  background-color: rgba(0, 0, 0, 0.3);\n}\n#banner-1575798904 .banner-bg img {\n  object-position: 54% 44%;\n}\n@media (min-width:550px) {\n  #banner-1575798904 .overlay {\n    background-color: rgba(0, 0, 0, 0.6);\n  }\n}\n<\/style>\n  <\/div>\n\n\n<div class=\"row\"  id=\"row-1640861620\">\n\n\n\t<div id=\"col-1997579872\" class=\"col small-12 large-12\"  >\n\t\t\t\t<div class=\"col-inner\"  >\n\t\t\t\n\t\t\t\n\n<div class=\"row\"  id=\"row-577538732\">\n\n\n\t<div id=\"col-967362478\" class=\"col small-12 large-12\"  >\n\t\t\t\t<div class=\"col-inner text-left\"  >\n\t\t\t\n\t\t\t\n\n<h2>R\u00dcCKRUF ANFODERN<\/h2>\n<p>Wenn Sie sich mit den Themen Innovation und Digitalisierung besch\u00e4ftigen wollen, sollten wir ins Gespr\u00e4ch kommen. Wir bieten Beratung, die Sie weit \u00fcber den Tellerrand blicken l\u00e4sst.<\/p>\n<div class=\"is-divider divider clearfix\" ><\/div>\n\n\n\t\t<\/div>\n\t\t\t\t\t<\/div>\n\n\t\n\n<\/div>\n\n<div class=\"wpcf7 no-js\" id=\"wpcf7-f3899-o1\" lang=\"en-US\" dir=\"ltr\" data-wpcf7-id=\"3899\">\n<div class=\"screen-reader-response\"><p role=\"status\" aria-live=\"polite\" aria-atomic=\"true\"><\/p> <ul><\/ul><\/div>\n<form action=\"\/de\/wp-json\/wp\/v2\/pages\/3897#wpcf7-f3899-o1\" method=\"post\" class=\"wpcf7-form init\" aria-label=\"Contact form\" novalidate=\"novalidate\" data-status=\"init\">\n<fieldset class=\"hidden-fields-container\"><input type=\"hidden\" name=\"_wpcf7\" value=\"3899\" \/><input type=\"hidden\" name=\"_wpcf7_version\" value=\"6.1.5\" \/><input type=\"hidden\" name=\"_wpcf7_locale\" value=\"en_US\" \/><input type=\"hidden\" name=\"_wpcf7_unit_tag\" value=\"wpcf7-f3899-o1\" \/><input type=\"hidden\" name=\"_wpcf7_container_post\" value=\"0\" \/><input type=\"hidden\" name=\"_wpcf7_posted_data_hash\" value=\"\" \/>\n<\/fieldset>\n<div class=\"form-flat\">\n\t<p><span class=\"wpcf7-form-control-wrap\" data-name=\"your-name\"><input size=\"40\" maxlength=\"400\" class=\"wpcf7-form-control wpcf7-text wpcf7-validates-as-required\" aria-required=\"true\" aria-invalid=\"false\" placeholder=\"Ihr Name (Pflichtfeld)\" value=\"\" type=\"text\" name=\"your-name\" \/><\/span>\n\t<\/p>\n\t<p><span class=\"wpcf7-form-control-wrap\" data-name=\"your-email\"><input size=\"40\" maxlength=\"400\" class=\"wpcf7-form-control wpcf7-email wpcf7-validates-as-required wpcf7-text wpcf7-validates-as-email\" aria-required=\"true\" aria-invalid=\"false\" placeholder=\"Ihre E-Mailadresse (Pflichtfeld)\" value=\"\" type=\"email\" name=\"your-email\" \/><\/span>\n\t<\/p>\n\t<p><span class=\"wpcf7-form-control-wrap\" data-name=\"tel-number\"><input size=\"40\" maxlength=\"400\" class=\"wpcf7-form-control wpcf7-tel wpcf7-validates-as-required wpcf7-text wpcf7-validates-as-tel\" aria-required=\"true\" aria-invalid=\"false\" placeholder=\"Ihre Telefonnummer (Pflichtfeld)\" value=\"\" type=\"tel\" name=\"tel-number\" \/><\/span>\n\t<\/p>\n\t<p><span class=\"wpcf7-form-control-wrap\" data-name=\"produktauswahl\"><select class=\"wpcf7-form-control wpcf7-select wpcf7-validates-as-required\" aria-required=\"true\" aria-invalid=\"false\" name=\"produktauswahl\"><option value=\"\">Bitte w\u00e4hlen<\/option><option value=\"Allgemeine Anfrage\">Allgemeine Anfrage<\/option><option value=\"Consulting\">Consulting<\/option><option value=\"Produktanfrage ARiiVA - Mobile Service Management\">Produktanfrage ARiiVA - Mobile Service Management<\/option><option value=\"Produktanfrage vLearning\">Produktanfrage vLearning<\/option><\/select><\/span>\n\t<\/p>\n\t<p><span class=\"wpcf7-form-control-wrap\" data-name=\"your-message\"><textarea cols=\"40\" rows=\"10\" maxlength=\"2000\" class=\"wpcf7-form-control wpcf7-textarea wpcf7-validates-as-required\" aria-required=\"true\" aria-invalid=\"false\" placeholder=\"Ihre Nachricht (Pflichtfeld)\" name=\"your-message\"><\/textarea><\/span>\n\t<\/p>\n\t<p><input class=\"wpcf7-form-control wpcf7-submit has-spinner button\" type=\"submit\" value=\"Senden\" \/>\n\t<\/p>\n<\/div><p style=\"display: none !important;\" class=\"akismet-fields-container\" data-prefix=\"_wpcf7_ak_\"><label>&#916;<textarea name=\"_wpcf7_ak_hp_textarea\" cols=\"45\" rows=\"8\" maxlength=\"100\"><\/textarea><\/label><input type=\"hidden\" id=\"ak_js_1\" name=\"_wpcf7_ak_js\" value=\"12\"\/><script>document.getElementById( \"ak_js_1\" ).setAttribute( \"value\", ( new Date() ).getTime() );<\/script><\/p><div class=\"wpcf7-response-output\" aria-hidden=\"true\"><\/div>\n<\/form>\n<\/div>\n\n\n\n\t\t<\/div>\n\t\t\t\t\t<\/div>\n\n\t\n\n<\/div>\n\n","protected":false},"excerpt":{"rendered":"","protected":false},"author":1,"featured_media":0,"parent":0,"menu_order":3,"comment_status":"closed","ping_status":"closed","template":"page-blank.php","meta":{"footnotes":""},"class_list":["post-3897","page","type-page","status-publish","hentry"],"yoast_head":"<!-- This site is optimized with the Yoast SEO plugin v27.0 - https:\/\/yoast.com\/product\/yoast-seo-wordpress\/ -->\n<title>VIINGO - R\u00fcckruf anfordern<\/title>\n<meta name=\"robots\" content=\"noindex, follow, max-snippet:-1, max-image-preview:large, max-video-preview:-1\" \/>\n<meta property=\"og:locale\" content=\"de_DE\" \/>\n<meta property=\"og:type\" content=\"article\" \/>\n<meta property=\"og:title\" content=\"VIINGO - R\u00fcckruf anfordern\" \/>\n<meta property=\"og:url\" content=\"https:\/\/www.viingo.com\/de\/callback\/\" \/>\n<meta property=\"og:site_name\" content=\"VIINGO\" \/>\n<meta property=\"article:modified_time\" content=\"2023-04-18T13:21:03+00:00\" \/>\n<meta name=\"twitter:card\" content=\"summary_large_image\" \/>\n<meta name=\"twitter:label1\" content=\"Gesch\u00e4tzte Lesezeit\" \/>\n\t<meta name=\"twitter:data1\" content=\"1 Minute\" \/>\n<script type=\"application\/ld+json\" class=\"yoast-schema-graph\">{\"@context\":\"https:\/\/schema.org\",\"@graph\":[{\"@type\":\"WebPage\",\"@id\":\"https:\/\/www.viingo.com\/en\/callback\/\",\"url\":\"https:\/\/www.viingo.com\/en\/callback\/\",\"name\":\"VIINGO - R\u00fcckruf anfordern\",\"isPartOf\":{\"@id\":\"https:\/\/www.viingo.com\/de\/#website\"},\"datePublished\":\"2020-07-20T08:55:56+00:00\",\"dateModified\":\"2023-04-18T13:21:03+00:00\",\"breadcrumb\":{\"@id\":\"https:\/\/www.viingo.com\/en\/callback\/#breadcrumb\"},\"inLanguage\":\"de-AT\",\"potentialAction\":[{\"@type\":\"ReadAction\",\"target\":[\"https:\/\/www.viingo.com\/en\/callback\/\"]}]},{\"@type\":\"BreadcrumbList\",\"@id\":\"https:\/\/www.viingo.com\/en\/callback\/#breadcrumb\",\"itemListElement\":[{\"@type\":\"ListItem\",\"position\":1,\"name\":\"Startseite\",\"item\":\"https:\/\/www.viingo.com\/de\/\"},{\"@type\":\"ListItem\",\"position\":2,\"name\":\"R\u00fcckruf anfordern\"}]},{\"@type\":\"WebSite\",\"@id\":\"https:\/\/www.viingo.com\/de\/#website\",\"url\":\"https:\/\/www.viingo.com\/de\/\",\"name\":\"VIINGO\",\"description\":\"WE MAKE VISION VISIBLE\",\"potentialAction\":[{\"@type\":\"SearchAction\",\"target\":{\"@type\":\"EntryPoint\",\"urlTemplate\":\"https:\/\/www.viingo.com\/de\/?s={search_term_string}\"},\"query-input\":{\"@type\":\"PropertyValueSpecification\",\"valueRequired\":true,\"valueName\":\"search_term_string\"}}],\"inLanguage\":\"de-AT\"}]}<\/script>\n<!-- \/ Yoast SEO plugin. -->","yoast_head_json":{"title":"VIINGO - R\u00fcckruf anfordern","robots":{"index":"noindex","follow":"follow","max-snippet":"max-snippet:-1","max-image-preview":"max-image-preview:large","max-video-preview":"max-video-preview:-1"},"og_locale":"de_DE","og_type":"article","og_title":"VIINGO - R\u00fcckruf anfordern","og_url":"https:\/\/www.viingo.com\/de\/callback\/","og_site_name":"VIINGO","article_modified_time":"2023-04-18T13:21:03+00:00","twitter_card":"summary_large_image","twitter_misc":{"Gesch\u00e4tzte Lesezeit":"1 Minute"},"schema":{"@context":"https:\/\/schema.org","@graph":[{"@type":"WebPage","@id":"https:\/\/www.viingo.com\/en\/callback\/","url":"https:\/\/www.viingo.com\/en\/callback\/","name":"VIINGO - R\u00fcckruf anfordern","isPartOf":{"@id":"https:\/\/www.viingo.com\/de\/#website"},"datePublished":"2020-07-20T08:55:56+00:00","dateModified":"2023-04-18T13:21:03+00:00","breadcrumb":{"@id":"https:\/\/www.viingo.com\/en\/callback\/#breadcrumb"},"inLanguage":"de-AT","potentialAction":[{"@type":"ReadAction","target":["https:\/\/www.viingo.com\/en\/callback\/"]}]},{"@type":"BreadcrumbList","@id":"https:\/\/www.viingo.com\/en\/callback\/#breadcrumb","itemListElement":[{"@type":"ListItem","position":1,"name":"Startseite","item":"https:\/\/www.viingo.com\/de\/"},{"@type":"ListItem","position":2,"name":"R\u00fcckruf anfordern"}]},{"@type":"WebSite","@id":"https:\/\/www.viingo.com\/de\/#website","url":"https:\/\/www.viingo.com\/de\/","name":"VIINGO","description":"WE MAKE VISION VISIBLE","potentialAction":[{"@type":"SearchAction","target":{"@type":"EntryPoint","urlTemplate":"https:\/\/www.viingo.com\/de\/?s={search_term_string}"},"query-input":{"@type":"PropertyValueSpecification","valueRequired":true,"valueName":"search_term_string"}}],"inLanguage":"de-AT"}]}},"_links":{"self":[{"href":"https:\/\/www.viingo.com\/de\/wp-json\/wp\/v2\/pages\/3897","targetHints":{"allow":["GET"]}}],"collection":[{"href":"https:\/\/www.viingo.com\/de\/wp-json\/wp\/v2\/pages"}],"about":[{"href":"https:\/\/www.viingo.com\/de\/wp-json\/wp\/v2\/types\/page"}],"author":[{"embeddable":true,"href":"https:\/\/www.viingo.com\/de\/wp-json\/wp\/v2\/users\/1"}],"replies":[{"embeddable":true,"href":"https:\/\/www.viingo.com\/de\/wp-json\/wp\/v2\/comments?post=3897"}],"version-history":[{"count":5,"href":"https:\/\/www.viingo.com\/de\/wp-json\/wp\/v2\/pages\/3897\/revisions"}],"predecessor-version":[{"id":4731,"href":"https:\/\/www.viingo.com\/de\/wp-json\/wp\/v2\/pages\/3897\/revisions\/4731"}],"wp:attachment":[{"href":"https:\/\/www.viingo.com\/de\/wp-json\/wp\/v2\/media?parent=3897"}],"curies":[{"name":"wp","href":"https:\/\/api.w.org\/{rel}","templated":true}]}}