{"id":4584,"date":"2023-04-03T11:11:11","date_gmt":"2023-04-03T09:11:11","guid":{"rendered":"https:\/\/relaunch.viingo.com\/?page_id=4584"},"modified":"2023-04-20T13:08:56","modified_gmt":"2023-04-20T11:08:56","slug":"hololens-2-projekt-strucinspect-in-wien","status":"publish","type":"page","link":"https:\/\/www.viingo.com\/de\/hololens-2-projekt-strucinspect-in-wien\/","title":{"rendered":"HoloLens II Projekt STRUCINSPECT in Wien"},"content":{"rendered":"\n\n  <div class=\"banner has-hover has-video sticky-section is-full-height\" id=\"banner-1113871027\">\n          <div class=\"banner-inner fill\">\n        <div class=\"banner-bg fill\" >\n                        \t<div class=\"video-overlay no-click fill visible\"><\/div>\n\t<video class=\"video-bg fill visible\" preload playsinline autoplay muted loop>\n\t\t<source src=\"https:\/\/ariiva.com\/videos\/InspectionSI_smooth.mp4\" type=\"video\/mp4\">\t<\/video>\n                        \n                    <\/div>\n\t\t\n        <div class=\"banner-layers container\">\n            <div class=\"fill banner-link\"><\/div>            \n\n\n        <\/div>\n      <\/div>\n\n            \n<style>\n#banner-1113871027 {\n  padding-top: 100%;\n  background-color: rgb(0,0,0);\n}\n#banner-1113871027 .overlay {\n  background-color: rgba(0, 0, 0, 0.3);\n}\n<\/style>\n  <\/div>\n\n\n\n\t<section class=\"section\" id=\"section_1159079969\">\n\t\t<div class=\"section-bg fill\" >\n\t\t\t\t\t\t\t\t\t\n\t\t\t\n\n\t\t<\/div>\n\n\t\t\n\n\t\t<div class=\"section-content relative\">\n\t\t\t\n\n<div class=\"row\"  id=\"row-599806322\">\n\n\n\t<div id=\"col-268180679\" class=\"col small-12 large-12\"  >\n\t\t\t\t<div class=\"col-inner\"  >\n\t\t\t\n\t\t\t\n\n<a href=\"\/\" class=\"button primary is-link is-large\"  >\n\t<i class=\"icon-angle-left\" aria-hidden=\"true\" ><\/i>\t<span>Zur\u00fcck<\/span>\n\t<\/a>\n\n\n\n\t\t<\/div>\n\t\t\t\t\t<\/div>\n\n\t\n\n<\/div>\n\n\t\t<\/div>\n\n\t\t\n<style>\n#section_1159079969 {\n  padding-top: 30px;\n  padding-bottom: 30px;\n  background-color: rgb(250, 250, 250);\n}\n<\/style>\n\t<\/section>\n\t\n\n\t<section class=\"section\" id=\"section_2062376910\">\n\t\t<div class=\"section-bg fill\" >\n\t\t\t\t\t\t\t\t\t\n\t\t\t\n\n\t\t<\/div>\n\n\t\t\n\n\t\t<div class=\"section-content relative\">\n\t\t\t\n\n<div class=\"row\"  id=\"row-498888619\">\n\n\n\t<div id=\"col-920469514\" class=\"col medium-7 small-12 large-7\"  >\n\t\t\t\t<div class=\"col-inner\"  >\n\t\t\t\n\t\t\t\n\n<h6><span style=\"background-color: #000!important;\">PALFINGER STRUCTURAL INSPECTION<\/span><\/h6>\n<h1>INSPEKTION MIT DER HOLOLENS II \u2013 SCH\u00c4DEN DIREKT AM BAUWERK VISUALISIEREN<\/h1>\n<p><strong>Gemeinsam mit STRUCISNPECT realisierten wir eine HoloLens II Anwendung zur Visualisierung der ermittelten Daten direkt auf dem realen Bauwerk und der Bauwerkspr\u00fcfer hat ein Werkzeug um Zeit und somit Kosten zu sparen. Es ist kein m\u00fchsames Suchen vor Ort mehr n\u00f6tig.<\/strong><\/p>\n<p>Wie funktionierts: Fotografien (z.B. mittels Drohne oder mit einer einfachen Kamera) des Bauwerkes werden in der STRUCINSPECT Applikation in 3D Modelle umgewandelt und mit Hilfe von k\u00fcnstlicher Intelligenz (KI) auf Sch\u00e4den \u00fcberpr\u00fcft.<\/p>\n<p>Die KI erarbeitet einen Vorschlag f\u00fcr einen Schadensreport der vom zust\u00e4ndigen Pr\u00fcfingenieur freigegeben wird.<\/p>\n<p>Die gesammelten Daten werden von der HoloLens II abgerufen und die erfassten und kategorisierten Sch\u00e4den werden direkt auf dem Bauwerk \u00fcberlagert. \u00dcber ein sogenanntes &#8222;Handmen\u00fc&#8220; k\u00f6nnen Sch\u00e4den kategorisch ein- und ausgeblendet werden.<\/p>\n<p>Durch eine Sucheingabe-Maske kann sich der Pr\u00fcfer zu ausgew\u00e4hlte Sch\u00e4den (mittels Richtungspfeil) f\u00fchren lassen. Ein m\u00fchsames Suchen ist somit nicht mehr n\u00f6tig.<\/p>\n\t<div id=\"gap-717084093\" class=\"gap-element clearfix\" style=\"display:block; height:auto;\">\n\t\t\n<style>\n#gap-717084093 {\n  padding-top: 45px;\n}\n<\/style>\n\t<\/div>\n\t\n\n<div class=\"row\"  id=\"row-940680525\">\n\n\n\t<div id=\"col-368838955\" class=\"col medium-4 small-12 large-4\"  >\n\t\t\t\t<div class=\"col-inner\"  >\n\t\t\t\n\t\t\t\n\n\t<div class=\"img has-hover x md-x lg-x y md-y lg-y\" id=\"image_1918154644\">\n\t\t\t\t\t\t\t\t<div class=\"img-inner dark\" >\n\t\t\t<img loading=\"lazy\" decoding=\"async\" width=\"250\" height=\"250\" src=\"https:\/\/www.viingo.com\/wp-content\/uploads\/2023\/03\/icon_strucinspect.png\" class=\"attachment-large size-large\" alt=\"\" srcset=\"https:\/\/www.viingo.com\/wp-content\/uploads\/2023\/03\/icon_strucinspect.png 250w, https:\/\/www.viingo.com\/wp-content\/uploads\/2023\/03\/icon_strucinspect-12x12.png 12w\" sizes=\"auto, (max-width: 250px) 100vw, 250px\" \/>\t\t\t\t\t\t\n\t\t\t\t\t<\/div>\n\t\t\t\t\t\t\t\t\n<style>\n#image_1918154644 {\n  width: 100%;\n}\n<\/style>\n\t<\/div>\n\t\n\n\n\t\t<\/div>\n\t\t\t\t\t<\/div>\n\n\t\n\n\t<div id=\"col-843022723\" class=\"col medium-8 small-12 large-8\"  >\n\t\t\t\t<div class=\"col-inner\"  >\n\t\t\t\n\t\t\t\n\n<h5 class=\"uppercase\">TECHNISCHE DETAILS<\/h5>\n<ul>\n<li>Anwendung f\u00fcr die HoloLens II<\/li>\n<li>Web-Applikation (Plattform) zur Echtzeit-Steuerung der Augmented Reality Inhalte auf den verschiedenen Devices<\/li>\n<\/ul>\n\n\t\t<\/div>\n\t\t\t\t\t<\/div>\n\n\t\n\n<\/div>\n<p>Infrastrukturbauwerke ben\u00f6tigen regelm\u00e4\u00dfig wiederkehrende Inspektionen, um die langfristige Sicherheit zu gew\u00e4hrleisten und den rechtlichen und normativen Rahmenbedingungen gerecht zu werden.<\/p>\n<p>Mit neuartigen Technologien, wie der HoloLens II, wird der Spagat zwischen digital erfassten Daten mit der Realit\u00e4t vereint.<\/p>\n\n\t\t<\/div>\n\t\t\t\t\t<\/div>\n\n\t\n\n\t<div id=\"col-1839421636\" class=\"col medium-5 small-12 large-5 col-divided\"  >\n\t\t\t\t<div class=\"col-inner\"  >\n\t\t\t\n\t\t\t\n\n\t<div class=\"img has-hover x md-x lg-x y md-y lg-y\" id=\"image_806231157\">\n\t\t\t\t\t\t\t\t<div class=\"img-inner dark\" >\n\t\t\t<img loading=\"lazy\" decoding=\"async\" width=\"478\" height=\"232\" src=\"https:\/\/www.viingo.com\/wp-content\/uploads\/2023\/04\/smallimage_h2.jpg\" class=\"attachment-large size-large\" alt=\"\" srcset=\"https:\/\/www.viingo.com\/wp-content\/uploads\/2023\/04\/smallimage_h2.jpg 478w, https:\/\/www.viingo.com\/wp-content\/uploads\/2023\/04\/smallimage_h2-18x9.jpg 18w\" sizes=\"auto, (max-width: 478px) 100vw, 478px\" \/>\t\t\t\t\t\t\n\t\t\t\t\t<\/div>\n\t\t\t\t\t\t\t\t\n<style>\n#image_806231157 {\n  width: 100%;\n}\n<\/style>\n\t<\/div>\n\t\n\n<div class=\"row\"  id=\"row-997345693\">\n\n\n\t<div id=\"col-1991809343\" class=\"col medium-6 small-12 large-6\"  >\n\t\t\t\t<div class=\"col-inner\"  >\n\t\t\t\n\t\t\t\n\n\t<div class=\"img has-hover x md-x lg-x y md-y lg-y\" id=\"image_1967157001\">\n\t\t\t\t\t\t\t\t<div class=\"img-inner dark\" >\n\t\t\t<img loading=\"lazy\" decoding=\"async\" width=\"919\" height=\"606\" src=\"https:\/\/www.viingo.com\/wp-content\/uploads\/2023\/04\/psi2.jpg\" class=\"attachment-large size-large\" alt=\"\" srcset=\"https:\/\/www.viingo.com\/wp-content\/uploads\/2023\/04\/psi2.jpg 919w, https:\/\/www.viingo.com\/wp-content\/uploads\/2023\/04\/psi2-607x400.jpg 607w, https:\/\/www.viingo.com\/wp-content\/uploads\/2023\/04\/psi2-768x506.jpg 768w, https:\/\/www.viingo.com\/wp-content\/uploads\/2023\/04\/psi2-18x12.jpg 18w\" sizes=\"auto, (max-width: 919px) 100vw, 919px\" \/>\t\t\t\t\t\t\n\t\t\t\t\t<\/div>\n\t\t\t\t\t\t\t\t\n<style>\n#image_1967157001 {\n  width: 100%;\n}\n<\/style>\n\t<\/div>\n\t\n\n\n\t\t<\/div>\n\t\t\t\t\t<\/div>\n\n\t\n\n\t<div id=\"col-651409454\" class=\"col medium-6 small-12 large-6\"  >\n\t\t\t\t<div class=\"col-inner\"  >\n\t\t\t\n\t\t\t\n\n\t<div class=\"img has-hover x md-x lg-x y md-y lg-y\" id=\"image_465535256\">\n\t\t\t\t\t\t\t\t<div class=\"img-inner dark\" >\n\t\t\t<img loading=\"lazy\" decoding=\"async\" width=\"919\" height=\"606\" src=\"https:\/\/www.viingo.com\/wp-content\/uploads\/2023\/04\/psi1.jpg\" class=\"attachment-large size-large\" alt=\"\" srcset=\"https:\/\/www.viingo.com\/wp-content\/uploads\/2023\/04\/psi1.jpg 919w, https:\/\/www.viingo.com\/wp-content\/uploads\/2023\/04\/psi1-607x400.jpg 607w, https:\/\/www.viingo.com\/wp-content\/uploads\/2023\/04\/psi1-768x506.jpg 768w, https:\/\/www.viingo.com\/wp-content\/uploads\/2023\/04\/psi1-18x12.jpg 18w\" sizes=\"auto, (max-width: 919px) 100vw, 919px\" \/>\t\t\t\t\t\t\n\t\t\t\t\t<\/div>\n\t\t\t\t\t\t\t\t\n<style>\n#image_465535256 {\n  width: 100%;\n}\n<\/style>\n\t<\/div>\n\t\n\n\n\t\t<\/div>\n\t\t\t\t\t<\/div>\n\n\t\n\n\n<style>\n#row-997345693 > .col > .col-inner {\n  padding: 13px 0px 0px 0px;\n}\n<\/style>\n<\/div>\n\n\t\t<\/div>\n\t\t\t\t\t<\/div>\n\n\t\n\n<\/div>\n\n\t\t<\/div>\n\n\t\t\n<style>\n#section_2062376910 {\n  padding-top: 30px;\n  padding-bottom: 30px;\n  background-color: rgb(250, 250, 250);\n}\n<\/style>\n\t<\/section>\n\t\n\n","protected":false},"excerpt":{"rendered":"","protected":false},"author":1,"featured_media":0,"parent":0,"menu_order":3,"comment_status":"closed","ping_status":"closed","template":"page-header-on-scroll.php","meta":{"footnotes":""},"class_list":["post-4584","page","type-page","status-publish","hentry"],"yoast_head":"<!-- This site is optimized with the Yoast SEO plugin v27.0 - https:\/\/yoast.com\/product\/yoast-seo-wordpress\/ -->\n<title>VIINGO - HoloLens II Projekt STRUCINSPECT in Wien<\/title>\n<meta name=\"robots\" content=\"noindex, follow, max-snippet:-1, max-image-preview:large, max-video-preview:-1\" \/>\n<meta property=\"og:locale\" content=\"de_DE\" \/>\n<meta property=\"og:type\" content=\"article\" \/>\n<meta property=\"og:title\" content=\"VIINGO - HoloLens II Projekt STRUCINSPECT in Wien\" \/>\n<meta property=\"og:url\" content=\"https:\/\/www.viingo.com\/de\/hololens-2-projekt-strucinspect-in-wien\/\" \/>\n<meta property=\"og:site_name\" content=\"VIINGO\" \/>\n<meta property=\"article:modified_time\" content=\"2023-04-20T11:08:56+00:00\" \/>\n<meta name=\"twitter:card\" content=\"summary_large_image\" \/>\n<meta name=\"twitter:label1\" content=\"Gesch\u00e4tzte Lesezeit\" \/>\n\t<meta name=\"twitter:data1\" content=\"2 Minuten\" \/>\n<script type=\"application\/ld+json\" class=\"yoast-schema-graph\">{\"@context\":\"https:\/\/schema.org\",\"@graph\":[{\"@type\":\"WebPage\",\"@id\":\"https:\/\/www.viingo.com\/en\/hololens-2-projekt-strucinspect-in-wien\/\",\"url\":\"https:\/\/www.viingo.com\/en\/hololens-2-projekt-strucinspect-in-wien\/\",\"name\":\"VIINGO - HoloLens II Projekt STRUCINSPECT in Wien\",\"isPartOf\":{\"@id\":\"https:\/\/www.viingo.com\/de\/#website\"},\"datePublished\":\"2023-04-03T09:11:11+00:00\",\"dateModified\":\"2023-04-20T11:08:56+00:00\",\"breadcrumb\":{\"@id\":\"https:\/\/www.viingo.com\/en\/hololens-2-projekt-strucinspect-in-wien\/#breadcrumb\"},\"inLanguage\":\"de-AT\",\"potentialAction\":[{\"@type\":\"ReadAction\",\"target\":[\"https:\/\/www.viingo.com\/en\/hololens-2-projekt-strucinspect-in-wien\/\"]}]},{\"@type\":\"BreadcrumbList\",\"@id\":\"https:\/\/www.viingo.com\/en\/hololens-2-projekt-strucinspect-in-wien\/#breadcrumb\",\"itemListElement\":[{\"@type\":\"ListItem\",\"position\":1,\"name\":\"Startseite\",\"item\":\"https:\/\/www.viingo.com\/de\/\"},{\"@type\":\"ListItem\",\"position\":2,\"name\":\"HoloLens II Projekt STRUCINSPECT in Wien\"}]},{\"@type\":\"WebSite\",\"@id\":\"https:\/\/www.viingo.com\/de\/#website\",\"url\":\"https:\/\/www.viingo.com\/de\/\",\"name\":\"VIINGO\",\"description\":\"WE MAKE VISION VISIBLE\",\"potentialAction\":[{\"@type\":\"SearchAction\",\"target\":{\"@type\":\"EntryPoint\",\"urlTemplate\":\"https:\/\/www.viingo.com\/de\/?s={search_term_string}\"},\"query-input\":{\"@type\":\"PropertyValueSpecification\",\"valueRequired\":true,\"valueName\":\"search_term_string\"}}],\"inLanguage\":\"de-AT\"}]}<\/script>\n<!-- \/ Yoast SEO plugin. -->","yoast_head_json":{"title":"VIINGO - HoloLens II Projekt STRUCINSPECT in Wien","robots":{"index":"noindex","follow":"follow","max-snippet":"max-snippet:-1","max-image-preview":"max-image-preview:large","max-video-preview":"max-video-preview:-1"},"og_locale":"de_DE","og_type":"article","og_title":"VIINGO - HoloLens II Projekt STRUCINSPECT in Wien","og_url":"https:\/\/www.viingo.com\/de\/hololens-2-projekt-strucinspect-in-wien\/","og_site_name":"VIINGO","article_modified_time":"2023-04-20T11:08:56+00:00","twitter_card":"summary_large_image","twitter_misc":{"Gesch\u00e4tzte Lesezeit":"2 Minuten"},"schema":{"@context":"https:\/\/schema.org","@graph":[{"@type":"WebPage","@id":"https:\/\/www.viingo.com\/en\/hololens-2-projekt-strucinspect-in-wien\/","url":"https:\/\/www.viingo.com\/en\/hololens-2-projekt-strucinspect-in-wien\/","name":"VIINGO - HoloLens II Projekt STRUCINSPECT in Wien","isPartOf":{"@id":"https:\/\/www.viingo.com\/de\/#website"},"datePublished":"2023-04-03T09:11:11+00:00","dateModified":"2023-04-20T11:08:56+00:00","breadcrumb":{"@id":"https:\/\/www.viingo.com\/en\/hololens-2-projekt-strucinspect-in-wien\/#breadcrumb"},"inLanguage":"de-AT","potentialAction":[{"@type":"ReadAction","target":["https:\/\/www.viingo.com\/en\/hololens-2-projekt-strucinspect-in-wien\/"]}]},{"@type":"BreadcrumbList","@id":"https:\/\/www.viingo.com\/en\/hololens-2-projekt-strucinspect-in-wien\/#breadcrumb","itemListElement":[{"@type":"ListItem","position":1,"name":"Startseite","item":"https:\/\/www.viingo.com\/de\/"},{"@type":"ListItem","position":2,"name":"HoloLens II Projekt STRUCINSPECT in Wien"}]},{"@type":"WebSite","@id":"https:\/\/www.viingo.com\/de\/#website","url":"https:\/\/www.viingo.com\/de\/","name":"VIINGO","description":"WE MAKE VISION VISIBLE","potentialAction":[{"@type":"SearchAction","target":{"@type":"EntryPoint","urlTemplate":"https:\/\/www.viingo.com\/de\/?s={search_term_string}"},"query-input":{"@type":"PropertyValueSpecification","valueRequired":true,"valueName":"search_term_string"}}],"inLanguage":"de-AT"}]}},"_links":{"self":[{"href":"https:\/\/www.viingo.com\/de\/wp-json\/wp\/v2\/pages\/4584","targetHints":{"allow":["GET"]}}],"collection":[{"href":"https:\/\/www.viingo.com\/de\/wp-json\/wp\/v2\/pages"}],"about":[{"href":"https:\/\/www.viingo.com\/de\/wp-json\/wp\/v2\/types\/page"}],"author":[{"embeddable":true,"href":"https:\/\/www.viingo.com\/de\/wp-json\/wp\/v2\/users\/1"}],"replies":[{"embeddable":true,"href":"https:\/\/www.viingo.com\/de\/wp-json\/wp\/v2\/comments?post=4584"}],"version-history":[{"count":56,"href":"https:\/\/www.viingo.com\/de\/wp-json\/wp\/v2\/pages\/4584\/revisions"}],"predecessor-version":[{"id":4779,"href":"https:\/\/www.viingo.com\/de\/wp-json\/wp\/v2\/pages\/4584\/revisions\/4779"}],"wp:attachment":[{"href":"https:\/\/www.viingo.com\/de\/wp-json\/wp\/v2\/media?parent=4584"}],"curies":[{"name":"wp","href":"https:\/\/api.w.org\/{rel}","templated":true}]}}