{"id":4644,"date":"2023-04-04T11:16:53","date_gmt":"2023-04-04T09:16:53","guid":{"rendered":"https:\/\/relaunch.viingo.com\/?page_id=4644"},"modified":"2023-04-21T10:50:04","modified_gmt":"2023-04-21T08:50:04","slug":"hololens-2-marketing-showcase-strucinspect","status":"publish","type":"page","link":"https:\/\/www.viingo.com\/de\/hololens-2-marketing-showcase-strucinspect\/","title":{"rendered":"HoloLens II Marketing Showcase STRUCINSPECT"},"content":{"rendered":"\n\n  <div class=\"banner has-hover has-video sticky-section\" id=\"banner-1163759237\">\n          <div class=\"banner-inner fill\">\n        <div class=\"banner-bg fill\" >\n                        \t<div class=\"video-overlay no-click fill visible\"><\/div>\n\t<video class=\"video-bg fill visible\" preload playsinline autoplay muted loop>\n\t\t<source src=\"https:\/\/viingo.com\/transfer\/si\/SI-Teaser.mp4\" type=\"video\/mp4\">\t<\/video>\n                        \n                    <\/div>\n\t\t\n        <div class=\"banner-layers container\">\n            <div class=\"fill banner-link\"><\/div>            \n\n   <div id=\"text-box-649538421\" class=\"text-box banner-layer x50 md-x50 lg-x50 y50 md-y10 lg-y10 res-text\">\n                     <div data-animate=\"blurIn\">           <div class=\"text-box-content text dark\">\n              \n              <div class=\"text-inner text-center\">\n                  \n\n\n              <\/div>\n           <\/div>\n       <\/div>                     \n<style>\n#text-box-649538421 {\n  width: 80%;\n}\n#text-box-649538421 .text-box-content {\n  font-size: 105%;\n}\n@media (min-width:550px) {\n  #text-box-649538421 {\n    width: 70%;\n  }\n}\n<\/style>\n    <\/div>\n \n\n        <\/div>\n      <\/div>\n\n              <div class=\"height-fix is-invisible\"><\/div>\n            \n<style>\n#banner-1163759237 .overlay {\n  background-color: rgba(0, 0, 0, 0.3);\n}\n#banner-1163759237 {\n  background-color: rgb(0,0,0);\n}\n<\/style>\n  <\/div>\n\n\n\n\t<section class=\"section\" id=\"section_987025893\">\n\t\t<div class=\"section-bg fill\" >\n\t\t\t\t\t\t\t\t\t\n\t\t\t\n\n\t\t<\/div>\n\n\t\t\n\n\t\t<div class=\"section-content relative\">\n\t\t\t\n\n<div class=\"row\"  id=\"row-821527803\">\n\n\n\t<div id=\"col-1988503773\" class=\"col small-12 large-12\"  >\n\t\t\t\t<div class=\"col-inner text-left\"  >\n\t\t\t\n\t\t\t\n\n<a href=\"\/\" class=\"button primary is-link is-large\"  >\n\t<i class=\"icon-angle-left\" aria-hidden=\"true\" ><\/i>\t<span>Zur\u00fcck<\/span>\n\t<\/a>\n\n\n\n\t\t<\/div>\n\t\t\t\t\t<\/div>\n\n\t\n\n<\/div>\n\n\t\t<\/div>\n\n\t\t\n<style>\n#section_987025893 {\n  padding-top: 30px;\n  padding-bottom: 30px;\n  background-color: rgb(250, 250, 250);\n}\n<\/style>\n\t<\/section>\n\t\n\n\t<section class=\"section\" id=\"section_522193948\">\n\t\t<div class=\"section-bg fill\" >\n\t\t\t\t\t\t\t\t\t\n\t\t\t\n\n\t\t<\/div>\n\n\t\t\n\n\t\t<div class=\"section-content relative\">\n\t\t\t\n\n<div class=\"row\"  id=\"row-2019369992\">\n\n\n\t<div id=\"col-457427\" class=\"col medium-7 small-12 large-7\"  >\n\t\t\t\t<div class=\"col-inner\"  >\n\t\t\t\n\t\t\t\n\n<h6><span style=\"background-color: #000!important;\">STRUCINSPECT<\/span><\/h6>\n<h1>PRODUKT-PR\u00c4SENTATION MIT DER HOLOLENS II \u2013 IRF WORLD MEETING IN DUBAI 2021<\/h1>\n<p><strong>Gemeinsam mit STRUCINSPECT realisierten wir f\u00fcr die IRF World Meeting (International Road Federation) Messe in Dubai eine HoloLens II Anwendung.<\/strong><\/p>\n<p><strong> Dem Besucher wird der gesamte Prozess, vom erstellen des digitalen Zwillings, \u00fcber das Kategorisieren von Sch\u00e4den und die Unterst\u00fctzung bei der Instandhaltung von Bauwerken \u2013 das alles in einer Applikation: STRUCINSPECT.<\/strong><\/p>\n<p>Um Besucher auch gef\u00fchrt durch die Applikation leiten zu k\u00f6nnen, entwickelten wir eine webbasierte Bedienoberfl\u00e4che, die eine Steuerung\/Eingreifen der Applikation von au\u00dfen zul\u00e4sst. So konnte sich der Besucher noch besser auf den pr\u00e4sentierten Inhalt konzentrieren.<\/p>\n\t<div id=\"gap-3334693\" class=\"gap-element clearfix\" style=\"display:block; height:auto;\">\n\t\t\n<style>\n#gap-3334693 {\n  padding-top: 45px;\n}\n<\/style>\n\t<\/div>\n\t\n\n<div class=\"row\"  id=\"row-320380592\">\n\n\n\t<div id=\"col-770093201\" class=\"col medium-4 small-12 large-4\"  >\n\t\t\t\t<div class=\"col-inner\"  >\n\t\t\t\n\t\t\t\n\n\t<div class=\"img has-hover x md-x lg-x y md-y lg-y\" id=\"image_2078354567\">\n\t\t\t\t\t\t\t\t<div class=\"img-inner dark\" >\n\t\t\t<img loading=\"lazy\" decoding=\"async\" width=\"250\" height=\"250\" src=\"https:\/\/www.viingo.com\/wp-content\/uploads\/2023\/03\/icon_strucinspect.png\" class=\"attachment-large size-large\" alt=\"\" srcset=\"https:\/\/www.viingo.com\/wp-content\/uploads\/2023\/03\/icon_strucinspect.png 250w, https:\/\/www.viingo.com\/wp-content\/uploads\/2023\/03\/icon_strucinspect-12x12.png 12w\" sizes=\"auto, (max-width: 250px) 100vw, 250px\" \/>\t\t\t\t\t\t\n\t\t\t\t\t<\/div>\n\t\t\t\t\t\t\t\t\n<style>\n#image_2078354567 {\n  width: 100%;\n}\n<\/style>\n\t<\/div>\n\t\n\n\n\t\t<\/div>\n\t\t\t\t\t<\/div>\n\n\t\n\n\t<div id=\"col-295114831\" class=\"col medium-8 small-12 large-8\"  >\n\t\t\t\t<div class=\"col-inner\"  >\n\t\t\t\n\t\t\t\n\n<h5 class=\"uppercase\">DETAILS<\/h5>\n<ul>\n<li>Anwendung f\u00fcr die HoloLens II<\/li>\n<li>Web-Applikation (Plattform) zur Echtzeit-Steuerung der Augmented Reality Inhalte auf den verschiedenen Devices<\/li>\n<li>Vor Ort Unterst\u00fctzung in Dubai<\/li>\n<\/ul>\n\n\t\t<\/div>\n\t\t\t\t\t<\/div>\n\n\t\n\n<\/div>\n<p>Wir waren als technischer Support mit dabei sein, um den Verkauf vor Ort auf der Messe vollumf\u00e4nglich mit der neuesten Technologie zu unterst\u00fctzen.<\/p>\n<p>Auch durch die Pr\u00e4senz der HoloLens II wurde zus\u00e4tzlich Interesse der G\u00e4ste f\u00fcr den STRUCINSPECT-Messestand geweckt.<\/p>\n\n\t\t<\/div>\n\t\t\t\t\t<\/div>\n\n\t\n\n\t<div id=\"col-315862578\" class=\"col medium-5 small-12 large-5 col-divided\"  >\n\t\t\t\t<div class=\"col-inner\"  >\n\t\t\t\n\t\t\t\n\n\t<div class=\"img has-hover x md-x lg-x y md-y lg-y\" id=\"image_2026733265\">\n\t\t\t\t\t\t\t\t<div class=\"img-inner dark\" >\n\t\t\t<img loading=\"lazy\" decoding=\"async\" width=\"478\" height=\"232\" src=\"https:\/\/www.viingo.com\/wp-content\/uploads\/2023\/04\/smallimage_h2.jpg\" class=\"attachment-large size-large\" alt=\"\" srcset=\"https:\/\/www.viingo.com\/wp-content\/uploads\/2023\/04\/smallimage_h2.jpg 478w, https:\/\/www.viingo.com\/wp-content\/uploads\/2023\/04\/smallimage_h2-18x9.jpg 18w\" sizes=\"auto, (max-width: 478px) 100vw, 478px\" \/>\t\t\t\t\t\t\n\t\t\t\t\t<\/div>\n\t\t\t\t\t\t\t\t\n<style>\n#image_2026733265 {\n  width: 100%;\n}\n<\/style>\n\t<\/div>\n\t\n\n<div class=\"row\"  id=\"row-592792891\">\n\n\n\t<div id=\"col-1592434719\" class=\"col medium-6 small-12 large-6\"  >\n\t\t\t\t<div class=\"col-inner\"  >\n\t\t\t\n\t\t\t\n\n\t<div class=\"img has-hover x md-x lg-x y md-y lg-y\" id=\"image_828247970\">\n\t\t\t\t\t\t\t\t<div class=\"img-inner dark\" >\n\t\t\t<img loading=\"lazy\" decoding=\"async\" width=\"1020\" height=\"761\" src=\"https:\/\/www.viingo.com\/wp-content\/uploads\/2023\/04\/expo-3-1072x800.jpg\" class=\"attachment-large size-large\" alt=\"\" srcset=\"https:\/\/www.viingo.com\/wp-content\/uploads\/2023\/04\/expo-3-1072x800.jpg 1072w, https:\/\/www.viingo.com\/wp-content\/uploads\/2023\/04\/expo-3-536x400.jpg 536w, https:\/\/www.viingo.com\/wp-content\/uploads\/2023\/04\/expo-3-768x573.jpg 768w, https:\/\/www.viingo.com\/wp-content\/uploads\/2023\/04\/expo-3-16x12.jpg 16w, https:\/\/www.viingo.com\/wp-content\/uploads\/2023\/04\/expo-3.jpg 1257w\" sizes=\"auto, (max-width: 1020px) 100vw, 1020px\" \/>\t\t\t\t\t\t\n\t\t\t\t\t<\/div>\n\t\t\t\t\t\t\t\t\n<style>\n#image_828247970 {\n  width: 100%;\n}\n<\/style>\n\t<\/div>\n\t\n\n\n\t\t<\/div>\n\t\t\t\t\t<\/div>\n\n\t\n\n\t<div id=\"col-1622119563\" class=\"col medium-6 small-12 large-6\"  >\n\t\t\t\t<div class=\"col-inner\"  >\n\t\t\t\n\t\t\t\n\n\t<div class=\"img has-hover x md-x lg-x y md-y lg-y\" id=\"image_1905667330\">\n\t\t\t\t\t\t\t\t<div class=\"img-inner dark\" >\n\t\t\t<img loading=\"lazy\" decoding=\"async\" width=\"1020\" height=\"761\" src=\"https:\/\/www.viingo.com\/wp-content\/uploads\/2023\/04\/expo-1-1072x800.jpg\" class=\"attachment-large size-large\" alt=\"\" srcset=\"https:\/\/www.viingo.com\/wp-content\/uploads\/2023\/04\/expo-1-1072x800.jpg 1072w, https:\/\/www.viingo.com\/wp-content\/uploads\/2023\/04\/expo-1-536x400.jpg 536w, https:\/\/www.viingo.com\/wp-content\/uploads\/2023\/04\/expo-1-768x573.jpg 768w, https:\/\/www.viingo.com\/wp-content\/uploads\/2023\/04\/expo-1-16x12.jpg 16w, https:\/\/www.viingo.com\/wp-content\/uploads\/2023\/04\/expo-1.jpg 1257w\" sizes=\"auto, (max-width: 1020px) 100vw, 1020px\" \/>\t\t\t\t\t\t\n\t\t\t\t\t<\/div>\n\t\t\t\t\t\t\t\t\n<style>\n#image_1905667330 {\n  width: 100%;\n}\n<\/style>\n\t<\/div>\n\t\n\n\n\t\t<\/div>\n\t\t\t\t\t<\/div>\n\n\t\n\n\n<style>\n#row-592792891 > .col > .col-inner {\n  padding: 13px 0px 0px 0px;\n}\n<\/style>\n<\/div>\n\n\t\t<\/div>\n\t\t\t\t\t<\/div>\n\n\t\n\n<\/div>\n\n\t\t<\/div>\n\n\t\t\n<style>\n#section_522193948 {\n  padding-top: 30px;\n  padding-bottom: 30px;\n  background-color: rgb(250, 250, 250);\n}\n<\/style>\n\t<\/section>\n\t\n\n","protected":false},"excerpt":{"rendered":"","protected":false},"author":1,"featured_media":0,"parent":0,"menu_order":3,"comment_status":"closed","ping_status":"closed","template":"page-header-on-scroll.php","meta":{"footnotes":""},"class_list":["post-4644","page","type-page","status-publish","hentry"],"yoast_head":"<!-- This site is optimized with the Yoast SEO plugin v27.0 - https:\/\/yoast.com\/product\/yoast-seo-wordpress\/ -->\n<title>VIINGO - HoloLens II Marketing Showcase STRUCINSPECT<\/title>\n<meta name=\"robots\" content=\"noindex, follow, max-snippet:-1, max-image-preview:large, max-video-preview:-1\" \/>\n<meta property=\"og:locale\" content=\"de_DE\" \/>\n<meta property=\"og:type\" content=\"article\" \/>\n<meta property=\"og:title\" content=\"VIINGO - HoloLens II Marketing Showcase STRUCINSPECT\" \/>\n<meta property=\"og:url\" content=\"https:\/\/www.viingo.com\/de\/hololens-2-marketing-showcase-strucinspect\/\" \/>\n<meta property=\"og:site_name\" content=\"VIINGO\" \/>\n<meta property=\"article:modified_time\" content=\"2023-04-21T08:50:04+00:00\" \/>\n<meta name=\"twitter:card\" content=\"summary_large_image\" \/>\n<meta name=\"twitter:label1\" content=\"Gesch\u00e4tzte Lesezeit\" \/>\n\t<meta name=\"twitter:data1\" content=\"2 Minuten\" \/>\n<script type=\"application\/ld+json\" class=\"yoast-schema-graph\">{\"@context\":\"https:\/\/schema.org\",\"@graph\":[{\"@type\":\"WebPage\",\"@id\":\"https:\/\/www.viingo.com\/en\/hololens-2-marketing-showcase-strucinspect\/\",\"url\":\"https:\/\/www.viingo.com\/en\/hololens-2-marketing-showcase-strucinspect\/\",\"name\":\"VIINGO - HoloLens II Marketing Showcase STRUCINSPECT\",\"isPartOf\":{\"@id\":\"https:\/\/www.viingo.com\/de\/#website\"},\"datePublished\":\"2023-04-04T09:16:53+00:00\",\"dateModified\":\"2023-04-21T08:50:04+00:00\",\"breadcrumb\":{\"@id\":\"https:\/\/www.viingo.com\/en\/hololens-2-marketing-showcase-strucinspect\/#breadcrumb\"},\"inLanguage\":\"de-AT\",\"potentialAction\":[{\"@type\":\"ReadAction\",\"target\":[\"https:\/\/www.viingo.com\/en\/hololens-2-marketing-showcase-strucinspect\/\"]}]},{\"@type\":\"BreadcrumbList\",\"@id\":\"https:\/\/www.viingo.com\/en\/hololens-2-marketing-showcase-strucinspect\/#breadcrumb\",\"itemListElement\":[{\"@type\":\"ListItem\",\"position\":1,\"name\":\"Startseite\",\"item\":\"https:\/\/www.viingo.com\/de\/\"},{\"@type\":\"ListItem\",\"position\":2,\"name\":\"HoloLens II Marketing Showcase STRUCINSPECT\"}]},{\"@type\":\"WebSite\",\"@id\":\"https:\/\/www.viingo.com\/de\/#website\",\"url\":\"https:\/\/www.viingo.com\/de\/\",\"name\":\"VIINGO\",\"description\":\"WE MAKE VISION VISIBLE\",\"potentialAction\":[{\"@type\":\"SearchAction\",\"target\":{\"@type\":\"EntryPoint\",\"urlTemplate\":\"https:\/\/www.viingo.com\/de\/?s={search_term_string}\"},\"query-input\":{\"@type\":\"PropertyValueSpecification\",\"valueRequired\":true,\"valueName\":\"search_term_string\"}}],\"inLanguage\":\"de-AT\"}]}<\/script>\n<!-- \/ Yoast SEO plugin. -->","yoast_head_json":{"title":"VIINGO - HoloLens II Marketing Showcase STRUCINSPECT","robots":{"index":"noindex","follow":"follow","max-snippet":"max-snippet:-1","max-image-preview":"max-image-preview:large","max-video-preview":"max-video-preview:-1"},"og_locale":"de_DE","og_type":"article","og_title":"VIINGO - HoloLens II Marketing Showcase STRUCINSPECT","og_url":"https:\/\/www.viingo.com\/de\/hololens-2-marketing-showcase-strucinspect\/","og_site_name":"VIINGO","article_modified_time":"2023-04-21T08:50:04+00:00","twitter_card":"summary_large_image","twitter_misc":{"Gesch\u00e4tzte Lesezeit":"2 Minuten"},"schema":{"@context":"https:\/\/schema.org","@graph":[{"@type":"WebPage","@id":"https:\/\/www.viingo.com\/en\/hololens-2-marketing-showcase-strucinspect\/","url":"https:\/\/www.viingo.com\/en\/hololens-2-marketing-showcase-strucinspect\/","name":"VIINGO - HoloLens II Marketing Showcase STRUCINSPECT","isPartOf":{"@id":"https:\/\/www.viingo.com\/de\/#website"},"datePublished":"2023-04-04T09:16:53+00:00","dateModified":"2023-04-21T08:50:04+00:00","breadcrumb":{"@id":"https:\/\/www.viingo.com\/en\/hololens-2-marketing-showcase-strucinspect\/#breadcrumb"},"inLanguage":"de-AT","potentialAction":[{"@type":"ReadAction","target":["https:\/\/www.viingo.com\/en\/hololens-2-marketing-showcase-strucinspect\/"]}]},{"@type":"BreadcrumbList","@id":"https:\/\/www.viingo.com\/en\/hololens-2-marketing-showcase-strucinspect\/#breadcrumb","itemListElement":[{"@type":"ListItem","position":1,"name":"Startseite","item":"https:\/\/www.viingo.com\/de\/"},{"@type":"ListItem","position":2,"name":"HoloLens II Marketing Showcase STRUCINSPECT"}]},{"@type":"WebSite","@id":"https:\/\/www.viingo.com\/de\/#website","url":"https:\/\/www.viingo.com\/de\/","name":"VIINGO","description":"WE MAKE VISION VISIBLE","potentialAction":[{"@type":"SearchAction","target":{"@type":"EntryPoint","urlTemplate":"https:\/\/www.viingo.com\/de\/?s={search_term_string}"},"query-input":{"@type":"PropertyValueSpecification","valueRequired":true,"valueName":"search_term_string"}}],"inLanguage":"de-AT"}]}},"_links":{"self":[{"href":"https:\/\/www.viingo.com\/de\/wp-json\/wp\/v2\/pages\/4644","targetHints":{"allow":["GET"]}}],"collection":[{"href":"https:\/\/www.viingo.com\/de\/wp-json\/wp\/v2\/pages"}],"about":[{"href":"https:\/\/www.viingo.com\/de\/wp-json\/wp\/v2\/types\/page"}],"author":[{"embeddable":true,"href":"https:\/\/www.viingo.com\/de\/wp-json\/wp\/v2\/users\/1"}],"replies":[{"embeddable":true,"href":"https:\/\/www.viingo.com\/de\/wp-json\/wp\/v2\/comments?post=4644"}],"version-history":[{"count":28,"href":"https:\/\/www.viingo.com\/de\/wp-json\/wp\/v2\/pages\/4644\/revisions"}],"predecessor-version":[{"id":4805,"href":"https:\/\/www.viingo.com\/de\/wp-json\/wp\/v2\/pages\/4644\/revisions\/4805"}],"wp:attachment":[{"href":"https:\/\/www.viingo.com\/de\/wp-json\/wp\/v2\/media?parent=4644"}],"curies":[{"name":"wp","href":"https:\/\/api.w.org\/{rel}","templated":true}]}}