{"id":4656,"date":"2023-04-04T13:44:10","date_gmt":"2023-04-04T11:44:10","guid":{"rendered":"https:\/\/relaunch.viingo.com\/?page_id=4656"},"modified":"2023-04-21T10:33:57","modified_gmt":"2023-04-21T08:33:57","slug":"hololens-2-projekt-enns","status":"publish","type":"page","link":"https:\/\/www.viingo.com\/de\/hololens-2-projekt-enns\/","title":{"rendered":"HoloLens II Projekt ENNS"},"content":{"rendered":"\n\n  <div class=\"banner has-hover has-video sticky-section\" id=\"banner-750422251\">\n          <div class=\"banner-inner fill\">\n        <div class=\"banner-bg fill\" >\n                        \t<div class=\"video-overlay no-click fill visible\"><\/div>\n\t<video class=\"video-bg fill visible\" preload playsinline autoplay muted loop>\n\t\t<source src=\"https:\/\/viingo.com\/video\/TSE.mp4\" type=\"video\/mp4\">\t<\/video>\n                        \n                    <\/div>\n\t\t\n        <div class=\"banner-layers container\">\n            <div class=\"fill banner-link\"><\/div>            \n\n\n        <\/div>\n      <\/div>\n\n            \n<style>\n#banner-750422251 {\n  padding-top: 56.25%;\n  background-color: rgb(0,0,0);\n}\n#banner-750422251 .overlay {\n  background-color: rgba(0, 0, 0, 0.3);\n}\n<\/style>\n  <\/div>\n\n\n\n\t<section class=\"section\" id=\"section_1702226955\">\n\t\t<div class=\"section-bg fill\" >\n\t\t\t\t\t\t\t\t\t\n\t\t\t\n\n\t\t<\/div>\n\n\t\t\n\n\t\t<div class=\"section-content relative\">\n\t\t\t\n\n<div class=\"row\"  id=\"row-1548438493\">\n\n\n\t<div id=\"col-1430757604\" class=\"col small-12 large-12\"  >\n\t\t\t\t<div class=\"col-inner\"  >\n\t\t\t\n\t\t\t\n\n<a href=\"\/\" class=\"button primary is-link is-large\"  >\n\t<i class=\"icon-angle-left\" aria-hidden=\"true\" ><\/i>\t<span>Zur\u00fcck<\/span>\n\t<\/a>\n\n\n\n\t\t<\/div>\n\t\t\t\t\t<\/div>\n\n\t\n\n<\/div>\n\n\t\t<\/div>\n\n\t\t\n<style>\n#section_1702226955 {\n  padding-top: 30px;\n  padding-bottom: 30px;\n  background-color: rgb(250, 250, 250);\n}\n<\/style>\n\t<\/section>\n\t\n\n\t<section class=\"section\" id=\"section_77736046\">\n\t\t<div class=\"section-bg fill\" >\n\t\t\t\t\t\t\t\t\t\n\t\t\t\n\n\t\t<\/div>\n\n\t\t\n\n\t\t<div class=\"section-content relative\">\n\t\t\t\n\n<div class=\"row\"  id=\"row-1320742313\">\n\n\n\t<div id=\"col-2022790718\" class=\"col medium-7 small-12 large-7\"  >\n\t\t\t\t<div class=\"col-inner\"  >\n\t\t\t\n\t\t\t\n\n<h6><span style=\"background-color: #000!important;\">TSE ENNS<\/span><\/h6>\n<h1>DIGITALE STADTF\u00dcHRUNG MIT DER HOLOLENS II UND SMARTPHONE \u2013 DIE STADTGESCHICHTE INTERAKTIV ERLEBEN<\/h1>\n<p><strong>Gemeinsam mit der Tourismus und Stadtmarketing Enns realisierten wir eine HoloLens II, sowie Smartphone Anwendung zur Visualisierung historischer Inhalte. Mit der Anwendung ist es m\u00f6glich alles Wissenswerte \u00fcber St\u00e4dte zu erfahren. Durch Augmented Reality Unterst\u00fctzung wird ein St\u00e4dtebesuch zum neuen Erlebnis.<\/strong><\/p>\n<p>Die HoloLens II oder das eigene Smartphone bzw. Tablet verhilft zum erweiterten Stadterlebnis und zur Steigerung der Wertsch\u00f6pfung historisch bedeutsamer St\u00e4dte.<\/p>\n\t<div id=\"gap-902866579\" class=\"gap-element clearfix\" style=\"display:block; height:auto;\">\n\t\t\n<style>\n#gap-902866579 {\n  padding-top: 45px;\n}\n<\/style>\n\t<\/div>\n\t\n\n<div class=\"row\"  id=\"row-1941968269\">\n\n\n\t<div id=\"col-447940521\" class=\"col medium-4 small-12 large-4\"  >\n\t\t\t\t<div class=\"col-inner\"  >\n\t\t\t\n\t\t\t\n\n\t<div class=\"img has-hover x md-x lg-x y md-y lg-y\" id=\"image_1461277481\">\n\t\t\t\t\t\t\t\t<div class=\"img-inner dark\" >\n\t\t\t<img loading=\"lazy\" decoding=\"async\" width=\"250\" height=\"250\" src=\"https:\/\/www.viingo.com\/wp-content\/uploads\/2023\/04\/icon_tse.png\" class=\"attachment-large size-large\" alt=\"\" srcset=\"https:\/\/www.viingo.com\/wp-content\/uploads\/2023\/04\/icon_tse.png 250w, https:\/\/www.viingo.com\/wp-content\/uploads\/2023\/04\/icon_tse-12x12.png 12w\" sizes=\"auto, (max-width: 250px) 100vw, 250px\" \/>\t\t\t\t\t\t\n\t\t\t\t\t<\/div>\n\t\t\t\t\t\t\t\t\n<style>\n#image_1461277481 {\n  width: 100%;\n}\n<\/style>\n\t<\/div>\n\t\n\n\n\t\t<\/div>\n\t\t\t\t\t<\/div>\n\n\t\n\n\t<div id=\"col-1545380425\" class=\"col medium-8 small-12 large-8\"  >\n\t\t\t\t<div class=\"col-inner\"  >\n\t\t\t\n\t\t\t\n\n<h5 class=\"uppercase\">TECHNISCHE DETAILS<\/h5>\n<ul>\n<li>App f\u00fcr HoloLens II<\/li>\n<li>App f\u00fcr Smartphone oder Tablet<\/li>\n<li>Web-Plattform zur Echtzeit-Steuerung der Augmented Reality Inhalte in der HoloLens II und Smartphone Apps<\/li>\n<\/ul>\n\n\t\t<\/div>\n\t\t\t\t\t<\/div>\n\n\t\n\n<\/div>\n<p>Durch Augmented Reality Unterst\u00fctzung wird ein St\u00e4dtebesuch zum neuen Erlebnis. Durch die Kombination mit einem Cityguide wird der menschliche Aspekt in den Vordergrund gestellt sowie mit Hilfe neuartiger Technologien ein wahres zukunftsweisendes Erlebnis geschaffen.<\/p>\n<p>Mit freundlicher Unterst\u00fctzung von Bund, Land und Europ\u00e4ischer Union, sowie TSE Stadtmarketing Enns, Tourismusverband Enns, CittaSlow.<\/p>\n\n\t\t<\/div>\n\t\t\t\t\t<\/div>\n\n\t\n\n\t<div id=\"col-1114320849\" class=\"col medium-5 small-12 large-5 col-divided\"  >\n\t\t\t\t<div class=\"col-inner\"  >\n\t\t\t\n\t\t\t\n\n\t<div class=\"img has-hover x md-x lg-x y md-y lg-y\" id=\"image_981972201\">\n\t\t\t\t\t\t\t\t<div class=\"img-inner dark\" >\n\t\t\t<img loading=\"lazy\" decoding=\"async\" width=\"478\" height=\"232\" src=\"https:\/\/www.viingo.com\/wp-content\/uploads\/2023\/04\/smallimage_h2-smartphone.jpg\" class=\"attachment-large size-large\" alt=\"\" srcset=\"https:\/\/www.viingo.com\/wp-content\/uploads\/2023\/04\/smallimage_h2-smartphone.jpg 478w, https:\/\/www.viingo.com\/wp-content\/uploads\/2023\/04\/smallimage_h2-smartphone-18x9.jpg 18w\" sizes=\"auto, (max-width: 478px) 100vw, 478px\" \/>\t\t\t\t\t\t\n\t\t\t\t\t<\/div>\n\t\t\t\t\t\t\t\t\n<style>\n#image_981972201 {\n  width: 100%;\n}\n<\/style>\n\t<\/div>\n\t\n\n<div class=\"row\"  id=\"row-188515929\">\n\n\n\t<div id=\"col-638346100\" class=\"col medium-6 small-12 large-6\"  >\n\t\t\t\t<div class=\"col-inner\"  >\n\t\t\t\n\t\t\t\n\n\t<div class=\"img has-hover hidden x md-x lg-x y md-y lg-y\" id=\"image_871270211\">\n\t\t\t\t\t\t\t\t<div class=\"img-inner dark\" >\n\t\t\t<img loading=\"lazy\" decoding=\"async\" width=\"919\" height=\"606\" src=\"https:\/\/www.viingo.com\/wp-content\/uploads\/2023\/04\/psi2.jpg\" class=\"attachment-large size-large\" alt=\"\" srcset=\"https:\/\/www.viingo.com\/wp-content\/uploads\/2023\/04\/psi2.jpg 919w, https:\/\/www.viingo.com\/wp-content\/uploads\/2023\/04\/psi2-607x400.jpg 607w, https:\/\/www.viingo.com\/wp-content\/uploads\/2023\/04\/psi2-768x506.jpg 768w, https:\/\/www.viingo.com\/wp-content\/uploads\/2023\/04\/psi2-18x12.jpg 18w\" sizes=\"auto, (max-width: 919px) 100vw, 919px\" \/>\t\t\t\t\t\t\n\t\t\t\t\t<\/div>\n\t\t\t\t\t\t\t\t\n<style>\n#image_871270211 {\n  width: 100%;\n}\n<\/style>\n\t<\/div>\n\t\n\n\n\t\t<\/div>\n\t\t\t\t\t<\/div>\n\n\t\n\n\t<div id=\"col-1240751141\" class=\"col medium-6 small-12 large-6\"  >\n\t\t\t\t<div class=\"col-inner\"  >\n\t\t\t\n\t\t\t\n\n\t<div class=\"img has-hover hidden x md-x lg-x y md-y lg-y\" id=\"image_1657883705\">\n\t\t\t\t\t\t\t\t<div class=\"img-inner dark\" >\n\t\t\t<img loading=\"lazy\" decoding=\"async\" width=\"919\" height=\"606\" src=\"https:\/\/www.viingo.com\/wp-content\/uploads\/2023\/04\/psi1.jpg\" class=\"attachment-large size-large\" alt=\"\" srcset=\"https:\/\/www.viingo.com\/wp-content\/uploads\/2023\/04\/psi1.jpg 919w, https:\/\/www.viingo.com\/wp-content\/uploads\/2023\/04\/psi1-607x400.jpg 607w, https:\/\/www.viingo.com\/wp-content\/uploads\/2023\/04\/psi1-768x506.jpg 768w, https:\/\/www.viingo.com\/wp-content\/uploads\/2023\/04\/psi1-18x12.jpg 18w\" sizes=\"auto, (max-width: 919px) 100vw, 919px\" \/>\t\t\t\t\t\t\n\t\t\t\t\t<\/div>\n\t\t\t\t\t\t\t\t\n<style>\n#image_1657883705 {\n  width: 100%;\n}\n<\/style>\n\t<\/div>\n\t\n\n\n\t\t<\/div>\n\t\t\t\t\t<\/div>\n\n\t\n\n\n<style>\n#row-188515929 > .col > .col-inner {\n  padding: 13px 0px 0px 0px;\n}\n<\/style>\n<\/div>\n\n\t\t<\/div>\n\t\t\t\t\t<\/div>\n\n\t\n\n<\/div>\n\n\t\t<\/div>\n\n\t\t\n<style>\n#section_77736046 {\n  padding-top: 30px;\n  padding-bottom: 30px;\n  background-color: rgb(250, 250, 250);\n}\n<\/style>\n\t<\/section>\n\t\n\n","protected":false},"excerpt":{"rendered":"","protected":false},"author":1,"featured_media":0,"parent":0,"menu_order":3,"comment_status":"closed","ping_status":"closed","template":"page-header-on-scroll.php","meta":{"footnotes":""},"class_list":["post-4656","page","type-page","status-publish","hentry"],"yoast_head":"<!-- This site is optimized with the Yoast SEO plugin v27.0 - https:\/\/yoast.com\/product\/yoast-seo-wordpress\/ -->\n<title>VIINGO - HoloLens II Projekt ENNS<\/title>\n<meta name=\"robots\" content=\"noindex, follow, max-snippet:-1, max-image-preview:large, max-video-preview:-1\" \/>\n<meta property=\"og:locale\" content=\"de_DE\" \/>\n<meta property=\"og:type\" content=\"article\" \/>\n<meta property=\"og:title\" content=\"VIINGO - HoloLens II Projekt ENNS\" \/>\n<meta property=\"og:url\" content=\"https:\/\/www.viingo.com\/de\/hololens-2-projekt-enns\/\" \/>\n<meta property=\"og:site_name\" content=\"VIINGO\" \/>\n<meta property=\"article:modified_time\" content=\"2023-04-21T08:33:57+00:00\" \/>\n<meta name=\"twitter:card\" content=\"summary_large_image\" \/>\n<meta name=\"twitter:label1\" content=\"Gesch\u00e4tzte Lesezeit\" \/>\n\t<meta name=\"twitter:data1\" content=\"1 Minute\" \/>\n<script type=\"application\/ld+json\" class=\"yoast-schema-graph\">{\"@context\":\"https:\/\/schema.org\",\"@graph\":[{\"@type\":\"WebPage\",\"@id\":\"https:\/\/www.viingo.com\/en\/hololens-2-projekt-enns\/\",\"url\":\"https:\/\/www.viingo.com\/en\/hololens-2-projekt-enns\/\",\"name\":\"VIINGO - HoloLens II Projekt ENNS\",\"isPartOf\":{\"@id\":\"https:\/\/www.viingo.com\/de\/#website\"},\"datePublished\":\"2023-04-04T11:44:10+00:00\",\"dateModified\":\"2023-04-21T08:33:57+00:00\",\"breadcrumb\":{\"@id\":\"https:\/\/www.viingo.com\/en\/hololens-2-projekt-enns\/#breadcrumb\"},\"inLanguage\":\"de-AT\",\"potentialAction\":[{\"@type\":\"ReadAction\",\"target\":[\"https:\/\/www.viingo.com\/en\/hololens-2-projekt-enns\/\"]}]},{\"@type\":\"BreadcrumbList\",\"@id\":\"https:\/\/www.viingo.com\/en\/hololens-2-projekt-enns\/#breadcrumb\",\"itemListElement\":[{\"@type\":\"ListItem\",\"position\":1,\"name\":\"Startseite\",\"item\":\"https:\/\/www.viingo.com\/de\/\"},{\"@type\":\"ListItem\",\"position\":2,\"name\":\"HoloLens II Projekt ENNS\"}]},{\"@type\":\"WebSite\",\"@id\":\"https:\/\/www.viingo.com\/de\/#website\",\"url\":\"https:\/\/www.viingo.com\/de\/\",\"name\":\"VIINGO\",\"description\":\"WE MAKE VISION VISIBLE\",\"potentialAction\":[{\"@type\":\"SearchAction\",\"target\":{\"@type\":\"EntryPoint\",\"urlTemplate\":\"https:\/\/www.viingo.com\/de\/?s={search_term_string}\"},\"query-input\":{\"@type\":\"PropertyValueSpecification\",\"valueRequired\":true,\"valueName\":\"search_term_string\"}}],\"inLanguage\":\"de-AT\"}]}<\/script>\n<!-- \/ Yoast SEO plugin. -->","yoast_head_json":{"title":"VIINGO - HoloLens II Projekt ENNS","robots":{"index":"noindex","follow":"follow","max-snippet":"max-snippet:-1","max-image-preview":"max-image-preview:large","max-video-preview":"max-video-preview:-1"},"og_locale":"de_DE","og_type":"article","og_title":"VIINGO - HoloLens II Projekt ENNS","og_url":"https:\/\/www.viingo.com\/de\/hololens-2-projekt-enns\/","og_site_name":"VIINGO","article_modified_time":"2023-04-21T08:33:57+00:00","twitter_card":"summary_large_image","twitter_misc":{"Gesch\u00e4tzte Lesezeit":"1 Minute"},"schema":{"@context":"https:\/\/schema.org","@graph":[{"@type":"WebPage","@id":"https:\/\/www.viingo.com\/en\/hololens-2-projekt-enns\/","url":"https:\/\/www.viingo.com\/en\/hololens-2-projekt-enns\/","name":"VIINGO - HoloLens II Projekt ENNS","isPartOf":{"@id":"https:\/\/www.viingo.com\/de\/#website"},"datePublished":"2023-04-04T11:44:10+00:00","dateModified":"2023-04-21T08:33:57+00:00","breadcrumb":{"@id":"https:\/\/www.viingo.com\/en\/hololens-2-projekt-enns\/#breadcrumb"},"inLanguage":"de-AT","potentialAction":[{"@type":"ReadAction","target":["https:\/\/www.viingo.com\/en\/hololens-2-projekt-enns\/"]}]},{"@type":"BreadcrumbList","@id":"https:\/\/www.viingo.com\/en\/hololens-2-projekt-enns\/#breadcrumb","itemListElement":[{"@type":"ListItem","position":1,"name":"Startseite","item":"https:\/\/www.viingo.com\/de\/"},{"@type":"ListItem","position":2,"name":"HoloLens II Projekt ENNS"}]},{"@type":"WebSite","@id":"https:\/\/www.viingo.com\/de\/#website","url":"https:\/\/www.viingo.com\/de\/","name":"VIINGO","description":"WE MAKE VISION VISIBLE","potentialAction":[{"@type":"SearchAction","target":{"@type":"EntryPoint","urlTemplate":"https:\/\/www.viingo.com\/de\/?s={search_term_string}"},"query-input":{"@type":"PropertyValueSpecification","valueRequired":true,"valueName":"search_term_string"}}],"inLanguage":"de-AT"}]}},"_links":{"self":[{"href":"https:\/\/www.viingo.com\/de\/wp-json\/wp\/v2\/pages\/4656","targetHints":{"allow":["GET"]}}],"collection":[{"href":"https:\/\/www.viingo.com\/de\/wp-json\/wp\/v2\/pages"}],"about":[{"href":"https:\/\/www.viingo.com\/de\/wp-json\/wp\/v2\/types\/page"}],"author":[{"embeddable":true,"href":"https:\/\/www.viingo.com\/de\/wp-json\/wp\/v2\/users\/1"}],"replies":[{"embeddable":true,"href":"https:\/\/www.viingo.com\/de\/wp-json\/wp\/v2\/comments?post=4656"}],"version-history":[{"count":15,"href":"https:\/\/www.viingo.com\/de\/wp-json\/wp\/v2\/pages\/4656\/revisions"}],"predecessor-version":[{"id":4792,"href":"https:\/\/www.viingo.com\/de\/wp-json\/wp\/v2\/pages\/4656\/revisions\/4792"}],"wp:attachment":[{"href":"https:\/\/www.viingo.com\/de\/wp-json\/wp\/v2\/media?parent=4656"}],"curies":[{"name":"wp","href":"https:\/\/api.w.org\/{rel}","templated":true}]}}